{"id":5222,"date":"2024-09-19T14:50:15","date_gmt":"2024-09-19T18:50:15","guid":{"rendered":"https:\/\/conectamobile.com\/politica-privacidade\/"},"modified":"2024-12-13T10:03:21","modified_gmt":"2024-12-13T14:03:21","slug":"politica-privacidade","status":"publish","type":"page","link":"https:\/\/conectamobile.com\/en\/politica-privacidade\/","title":{"rendered":"Pol\u00edtica de Privacidade"},"content":{"rendered":"&#013;\n<h2 class=\"wp-block-heading\">Cookies<\/h2>&#013;\n&#013;\n<p>Se voc\u00ea visitar nossa p\u00e1gina de login, definiremos um cookie tempor\u00e1rio para determinar se o seu navegador aceita cookies. Este cookie n\u00e3o cont\u00e9m dados pessoais e \u00e9 descartado quando voc\u00ea fecha o navegador.<\/p>&#013;\n<p>Quando voc\u00ea fizer login, tamb\u00e9m configuraremos v\u00e1rios cookies para salvar suas informa\u00e7\u00f5es de login e suas op\u00e7\u00f5es de exibi\u00e7\u00e3o na tela. Os cookies de login duram dois dias e os cookies de op\u00e7\u00f5es de tela duram um ano. Se voc\u00ea selecionar &#8220;Lembrar-me&#8221;, seu login persistir\u00e1 por duas semanas. Se voc\u00ea sair da sua conta, os cookies de login ser\u00e3o removidos.<\/p>&#013;\n<h2>Conte\u00fado incorporado de outros sites<\/h2>&#013;\n&#013;\n<p>Articles on this site may include embedded content (e.g. videos, images, articles, etc.). Embedded content from other sites behaves in exactly the same way as if the visitor had visited the other site. <\/p>&#013;\n<p>These sites may collect data about you, use cookies, embed additional third-party tracking and monitor your iteration with that embedded content, including tracking your iteration with the embedded content if you have an account and are logged in to that site.<\/p>&#013;\n<h2>Who we share your data with<\/h2>&#013;\n&#013;\n<p>If you request a password reset, your IP address will be included in the reset email.<\/p>&#013;\n&#013;\n<h2 class=\"wp-block-heading\">How long we retain your data<\/h2>&#013;\n&#013;\n<p>For users who register on our site, we store the personal information they provide in their user profile. All users can view, edit or delete their personal information at any time (except that they cannot change their username). Site administrators can also view and edit this information.  <\/p>&#013;\n&#013;\n<h2 class=\"wp-block-heading\">What rights you have over your data<\/h2>&#013;\n&#013;\n<p>If you have an account on this site, you can request to receive an exported file of the personal data we hold about you, including any data you have provided to us. You can also request that we erase any personal data we hold about you. This does not include any data that we are required to keep for administrative, legal or security purposes.  <\/p>","protected":false},"excerpt":{"rendered":"<p>&#013; Cookies &#013; &#013; Se voc\u00ea visitar nossa p\u00e1gina de login, definiremos um cookie tempor\u00e1rio para determinar se o seu navegador aceita cookies. Este cookie n\u00e3o cont\u00e9m dados pessoais e \u00e9 descartado quando voc\u00ea fecha o navegador. &#013; Quando voc\u00ea fizer login, tamb\u00e9m configuraremos v\u00e1rios cookies para salvar suas informa\u00e7\u00f5es de login e suas op\u00e7\u00f5es&#8230;<\/p>\n","protected":false},"author":1,"featured_media":0,"parent":0,"menu_order":0,"comment_status":"closed","ping_status":"open","template":"","meta":{"_acf_changed":false,"footnotes":""},"class_list":["post-5222","page","type-page","status-publish","hentry"],"acf":[],"_links":{"self":[{"href":"https:\/\/conectamobile.com\/en\/wp-json\/wp\/v2\/pages\/5222","targetHints":{"allow":["GET"]}}],"collection":[{"href":"https:\/\/conectamobile.com\/en\/wp-json\/wp\/v2\/pages"}],"about":[{"href":"https:\/\/conectamobile.com\/en\/wp-json\/wp\/v2\/types\/page"}],"author":[{"embeddable":true,"href":"https:\/\/conectamobile.com\/en\/wp-json\/wp\/v2\/users\/1"}],"replies":[{"embeddable":true,"href":"https:\/\/conectamobile.com\/en\/wp-json\/wp\/v2\/comments?post=5222"}],"version-history":[{"count":4,"href":"https:\/\/conectamobile.com\/en\/wp-json\/wp\/v2\/pages\/5222\/revisions"}],"predecessor-version":[{"id":5297,"href":"https:\/\/conectamobile.com\/en\/wp-json\/wp\/v2\/pages\/5222\/revisions\/5297"}],"wp:attachment":[{"href":"https:\/\/conectamobile.com\/en\/wp-json\/wp\/v2\/media?parent=5222"}],"curies":[{"name":"wp","href":"https:\/\/api.w.org\/{rel}","templated":true}]}}