{"id":5223,"date":"2024-09-19T14:50:15","date_gmt":"2024-09-19T18:50:15","guid":{"rendered":"https:\/\/conectamobile.com\/politica-privacidade\/"},"modified":"2024-12-13T10:04:00","modified_gmt":"2024-12-13T14:04:00","slug":"politica-privacidade","status":"publish","type":"page","link":"https:\/\/conectamobile.com\/es\/politica-privacidade\/","title":{"rendered":"Pol\u00edtica de Privacidade"},"content":{"rendered":"&#013;\n<h2 class=\"wp-block-heading\">Cookies<\/h2>&#013;\n&#013;\n<p>Se voc\u00ea visitar nossa p\u00e1gina de login, definiremos um cookie tempor\u00e1rio para determinar se o seu navegador aceita cookies. Este cookie n\u00e3o cont\u00e9m dados pessoais e \u00e9 descartado quando voc\u00ea fecha o navegador.<\/p>&#013;\n<p>Quando voc\u00ea fizer login, tamb\u00e9m configuraremos v\u00e1rios cookies para salvar suas informa\u00e7\u00f5es de login e suas op\u00e7\u00f5es de exibi\u00e7\u00e3o na tela. Os cookies de login duram dois dias e os cookies de op\u00e7\u00f5es de tela duram um ano. Se voc\u00ea selecionar &#8220;Lembrar-me&#8221;, seu login persistir\u00e1 por duas semanas. Se voc\u00ea sair da sua conta, os cookies de login ser\u00e3o removidos.<\/p>&#013;\n<h2>Conte\u00fado incorporado de outros sites<\/h2>&#013;\n&#013;\n<p>Los art\u00edculos de este sitio pueden incluir contenido incrustado (por ejemplo, v\u00eddeos, im\u00e1genes, art\u00edculos, etc.). El contenido incrustado de otros sitios se comporta exactamente igual que si el visitante hubiera visitado el otro sitio. <\/p>&#013;\n<p>Estos sitios pueden recopilar datos sobre ti, utilizar cookies, incrustar seguimiento adicional de terceros y controlar tu iteraci\u00f3n con ese contenido incrustado, incluido el seguimiento de tu iteraci\u00f3n con el contenido incrustado si tienes una cuenta y has iniciado sesi\u00f3n en ese sitio.<\/p>&#013;\n<h2>Con qui\u00e9n compartimos tus datos<\/h2>&#013;\n&#013;\n<p>Si solicitas un restablecimiento de contrase\u00f1a, tu direcci\u00f3n IP se incluir\u00e1 en el correo electr\u00f3nico de restablecimiento.<\/p>&#013;\n&#013;\n<h2 class=\"wp-block-heading\">Cu\u00e1nto tiempo conservamos tus datos<\/h2>&#013;\n&#013;\n<p>Para los usuarios que se registran en nuestro sitio, almacenamos la informaci\u00f3n personal que proporcionan en su perfil de usuario. Todos los usuarios pueden ver, editar o borrar su informaci\u00f3n personal en cualquier momento (excepto que no pueden cambiar su nombre de usuario). Los administradores del sitio tambi\u00e9n pueden ver y editar esta informaci\u00f3n.  <\/p>&#013;\n&#013;\n<h2 class=\"wp-block-heading\">Qu\u00e9 derechos tienes sobre tus datos<\/h2>&#013;\n&#013;\n<p>Si tienes una cuenta en este sitio, puedes solicitar que te enviemos un archivo exportado de los datos personales que tenemos sobre ti, incluidos los datos que nos hayas facilitado. Tambi\u00e9n puedes solicitar que borremos cualquier dato personal que tengamos sobre ti. Esto no incluye ning\u00fan dato que estemos obligados a conservar por motivos administrativos, legales o de seguridad.  <\/p>","protected":false},"excerpt":{"rendered":"<p>&#013; Cookies &#013; &#013; Se voc\u00ea visitar nossa p\u00e1gina de login, definiremos um cookie tempor\u00e1rio para determinar se o seu navegador aceita cookies. Este cookie n\u00e3o cont\u00e9m dados pessoais e \u00e9 descartado quando voc\u00ea fecha o navegador. &#013; Quando voc\u00ea fizer login, tamb\u00e9m configuraremos v\u00e1rios cookies para salvar suas informa\u00e7\u00f5es de login e suas op\u00e7\u00f5es&#8230;<\/p>\n","protected":false},"author":1,"featured_media":0,"parent":0,"menu_order":0,"comment_status":"closed","ping_status":"open","template":"","meta":{"_acf_changed":false,"footnotes":""},"class_list":["post-5223","page","type-page","status-publish","hentry"],"acf":[],"_links":{"self":[{"href":"https:\/\/conectamobile.com\/es\/wp-json\/wp\/v2\/pages\/5223","targetHints":{"allow":["GET"]}}],"collection":[{"href":"https:\/\/conectamobile.com\/es\/wp-json\/wp\/v2\/pages"}],"about":[{"href":"https:\/\/conectamobile.com\/es\/wp-json\/wp\/v2\/types\/page"}],"author":[{"embeddable":true,"href":"https:\/\/conectamobile.com\/es\/wp-json\/wp\/v2\/users\/1"}],"replies":[{"embeddable":true,"href":"https:\/\/conectamobile.com\/es\/wp-json\/wp\/v2\/comments?post=5223"}],"version-history":[{"count":3,"href":"https:\/\/conectamobile.com\/es\/wp-json\/wp\/v2\/pages\/5223\/revisions"}],"predecessor-version":[{"id":5298,"href":"https:\/\/conectamobile.com\/es\/wp-json\/wp\/v2\/pages\/5223\/revisions\/5298"}],"wp:attachment":[{"href":"https:\/\/conectamobile.com\/es\/wp-json\/wp\/v2\/media?parent=5223"}],"curies":[{"name":"wp","href":"https:\/\/api.w.org\/{rel}","templated":true}]}}