{"id":4590,"date":"2024-10-31T16:18:33","date_gmt":"2024-10-31T20:18:33","guid":{"rendered":"https:\/\/conectamobile.com\/product\/premium-ilimitado\/"},"modified":"2024-12-13T08:47:29","modified_gmt":"2024-12-13T12:47:29","slug":"premium-ilimitado","status":"publish","type":"product","link":"https:\/\/conectamobile.com\/es\/product\/premium-ilimitado\/","title":{"rendered":"Premium ilimitado"},"content":{"rendered":"<section class=\"l-section wpb_row height_medium width_full\"><div class=\"l-section-h i-cf\"><div class=\"g-cols vc_row via_flex valign_top type_default stacking_default\"><div class=\"vc_col-sm-12 wpb_column vc_column_container\"><div class=\"vc_column-inner\"><div class=\"wpb_wrapper\"><div class=\"wpb_text_column\"><div class=\"wpb_wrapper\"><p style=\"text-align: left;\"><i class=\"fas fa-check\" style=\"color: red;\"><\/i> <strong>SMS:<\/strong> Ilimitado<br \/>\n<i class=\"fas fa-check\" style=\"color: red;\"><\/i> <strong>Llamadas: <\/strong> Ilimitadas dentro de EEUU<br \/>\n<i class=\"fas fa-check\" style=\"color: red;\"><\/i> <strong>Ventajas adicionales:<\/strong> streaming de v\u00eddeo de alta definici\u00f3n, asistencia t\u00e9cnica 24 horas al d\u00eda, 7 d\u00edas a la semana, Hotspot de 5 GB<br \/>\n<i class=\"fas fa-check\" style=\"color: red;\"><\/i><strong> Ideal para:<\/strong> Quienes necesitan conectividad constante, trabajan en l\u00ednea, hacen streaming o viajan con frecuencia.<\/p>\n<\/div><\/div><\/div><\/div><\/div><\/div><\/div><\/section><section class=\"l-section wpb_row height_medium width_full\"><div class=\"l-section-h i-cf\"><div class=\"g-cols vc_row via_flex valign_top type_default stacking_default\"><div class=\"vc_col-sm-12 wpb_column vc_column_container\"><div class=\"vc_column-inner\"><div class=\"wpb_wrapper\"><section class=\"l-section wpb_row height_auto\"><div class=\"l-section-h i-cf\"><div class=\"g-cols vc_row via_flex valign_top type_default stacking_default\"><div class=\"vc_col-sm-12 wpb_column vc_column_container\"><div class=\"vc_column-inner\"><div class=\"wpb_wrapper\"><div class=\"wpb_text_column\"><div class=\"wpb_wrapper\"><div style=\"width: 100%; max-width: 100%; overflow: hidden;\">\n<p><iframe id=\"ATT_coverage\" style=\"width: 100%; height: 600px; border: none;\" src=\"https:\/\/www.att.com\/maps\/reseller.html\" frameborder=\"0\" scrolling=\"no\" allowfullscreen=\"allowfullscreen\"><br \/>\n<\/iframe><\/p>\n<\/div>\n<\/div><\/div><\/div><\/div><\/div><\/div><\/div><\/section>\n<\/div><\/div><\/div><\/div><\/div><\/section>\n","protected":false},"excerpt":{"rendered":"SMS: Ilimitado Llamadas: Ilimitadas dentro de EEUU Ventajas adicionales: streaming de v\u00eddeo de alta definici\u00f3n, asistencia t\u00e9cnica 24 horas al d\u00eda, 7 d\u00edas a la semana, Hotspot de 5 GB Ideal para: Quienes necesitan conectividad constante, trabajan en l\u00ednea, hacen streaming o viajan con frecuencia.","protected":false},"featured_media":4323,"template":"","meta":{"_acf_changed":false},"product_brand":[],"product_cat":[107],"product_tag":[109,108],"class_list":{"0":"post-4590","1":"product","2":"type-product","3":"status-publish","4":"has-post-thumbnail","6":"product_cat-planes-de-telefonia-movil","7":"product_tag-plan-fijo","8":"product_tag-planes","10":"first","11":"instock","12":"virtual","13":"sold-individually","14":"taxable","15":"purchasable","16":"product-type-simple"},"acf":[],"_links":{"self":[{"href":"https:\/\/conectamobile.com\/es\/wp-json\/wp\/v2\/product\/4590","targetHints":{"allow":["GET"]}}],"collection":[{"href":"https:\/\/conectamobile.com\/es\/wp-json\/wp\/v2\/product"}],"about":[{"href":"https:\/\/conectamobile.com\/es\/wp-json\/wp\/v2\/types\/product"}],"wp:featuredmedia":[{"embeddable":true,"href":"https:\/\/conectamobile.com\/es\/wp-json\/wp\/v2\/media\/4323"}],"wp:attachment":[{"href":"https:\/\/conectamobile.com\/es\/wp-json\/wp\/v2\/media?parent=4590"}],"wp:term":[{"taxonomy":"product_brand","embeddable":true,"href":"https:\/\/conectamobile.com\/es\/wp-json\/wp\/v2\/product_brand?post=4590"},{"taxonomy":"product_cat","embeddable":true,"href":"https:\/\/conectamobile.com\/es\/wp-json\/wp\/v2\/product_cat?post=4590"},{"taxonomy":"product_tag","embeddable":true,"href":"https:\/\/conectamobile.com\/es\/wp-json\/wp\/v2\/product_tag?post=4590"}],"curies":[{"name":"wp","href":"https:\/\/api.w.org\/{rel}","templated":true}]}}