{"id":4719,"date":"2024-10-17T01:25:18","date_gmt":"2024-10-17T05:25:18","guid":{"rendered":"https:\/\/conectamobile.com\/product\/iphone-16-pro-max\/"},"modified":"2024-12-11T16:34:34","modified_gmt":"2024-12-11T20:34:34","slug":"iphone-16-pro-max","status":"publish","type":"product","link":"https:\/\/conectamobile.com\/es\/product\/iphone-16-pro-max\/","title":{"rendered":"iPhone 16 Pro Max"},"content":{"rendered":"<section class=\"l-section wpb_row height_auto width_custom\" style=\"--site-content-width:1195px;\"><div class=\"l-section-h i-cf\"><div class=\"g-cols vc_row via_flex valign_top type_default stacking_default\"><div class=\"vc_col-sm-12 wpb_column vc_column_container\"><div class=\"vc_column-inner\"><div class=\"wpb_wrapper\"><div class=\"w-image us_custom_60e9caca us_animate_this align_center\"><div class=\"w-image-h\"><img loading=\"lazy\" decoding=\"async\" width=\"1317\" height=\"333\" src=\"https:\/\/conectamobile.com\/wp-content\/uploads\/2024\/10\/buy-iphone-1.jpg\" class=\"attachment-full size-full\" alt=\"\" loading=\"lazy\" srcset=\"https:\/\/conectamobile.com\/wp-content\/uploads\/2024\/10\/buy-iphone-1.jpg 1317w, https:\/\/conectamobile.com\/wp-content\/uploads\/2024\/10\/buy-iphone-1-300x76.jpg 300w, https:\/\/conectamobile.com\/wp-content\/uploads\/2024\/10\/buy-iphone-1-1024x259.jpg 1024w, https:\/\/conectamobile.com\/wp-content\/uploads\/2024\/10\/buy-iphone-1-600x152.jpg 600w\" sizes=\"auto, (max-width: 1317px) 100vw, 1317px\" \/><\/div><\/div><\/div><\/div><\/div><\/div><\/div><\/section><section class=\"l-section wpb_row height_small\"><div class=\"l-section-h i-cf\"><div class=\"g-cols vc_row via_flex valign_middle type_default stacking_default\"><div class=\"vc_col-sm-12 wpb_column vc_column_container\"><div class=\"vc_column-inner us_custom_b960227a\"><div class=\"wpb_wrapper\"><div class=\"wpb_text_column us_custom_44ba2a43 has_text_color\"><div class=\"wpb_wrapper\"><p><strong>Contenido Especial<\/strong><\/p>\n<\/div><\/div><div class=\"w-separator size_medium\"><\/div><div class=\"g-cols wpb_row via_flex valign_top type_default stacking_default\"><div class=\"vc_col-sm-2 wpb_column vc_column_container\"><div class=\"vc_column-inner\"><div class=\"wpb_wrapper\"><\/div><\/div><\/div><div class=\"vc_col-sm-8 wpb_column vc_column_container\"><div class=\"vc_column-inner\"><div class=\"wpb_wrapper\"><div class=\"w-video align_center ratio_16x9 with_overlay has_iframe\" style=\"background-image:url(https:\/\/conectamobile.com\/wp-content\/uploads\/2024\/10\/video-1.jpg);\" onclick=\"return {&quot;player_id&quot;:&quot;youtube-jcda&quot;,&quot;player_api&quot;:&quot;\\\/\\\/www.youtube.com\\\/player_api&quot;,&quot;player_html&quot;:&quot;&lt;div id=\\&quot;youtube-jcda\\&quot;&gt;&lt;\\\/div&gt;&lt;script&gt;\\r\\n\\t\\t\\twindow.USYTPlayers = ( window.USYTPlayers || { initYTFunctions: [], optionsYT: [], USYTInited: false } );\\r\\n\\t\\t\\twindow.USYTPlayers.optionsYT.push( {\\r\\n\\t\\t\\t\\tplayerID: \\&quot;youtube-jcda\\&quot;,\\r\\n\\t\\t\\t\\tvideoID: \\&quot;e0_xWjPwNEE\\&quot;,\\r\\n\\t\\t\\t\\tplayerVars: {\\&quot;autoplay\\&quot;:1,\\&quot;controls\\&quot;:1,\\&quot;origin\\&quot;:\\&quot;https:\\\\\\\/\\\\\\\/conectamobile.com\\\\\\\/es\\\\\\\/\\&quot;,\\&quot;loop\\&quot;:0,\\&quot;mute\\&quot;:0,\\&quot;playlist\\&quot;:\\&quot;e0_xWjPwNEE\\&quot;}\\r\\n\\t\\t\\t} );\\r\\n\\t\\t\\tif ( window.USYTPlayers.USYTInited === false ) {\\r\\n\\t\\t\\t\\t\\\/\\\/ Trying to override other possible WP YT API calls if our element is used\\r\\n\\t\\t\\t\\twindow.USYTPlayers.USYTInited = true;\\r\\n\\r\\n\\t\\t\\t\\twindow.onYouTubePlayerAPIReady = function() {\\r\\n\\t\\t\\t\\t\\tfor ( var i in window.USYTPlayers.optionsYT ) {\\r\\n\\t\\t\\t\\t\\t\\tvar _playerParams = window.USYTPlayers.optionsYT[ i ];\\r\\n\\t\\t\\t\\t\\t\\t$us.YTPlayers[ _playerParams.playerID ] = new YT.Player( _playerParams.playerID, {\\r\\n\\t\\t\\t\\t\\t\\t\\tvideoId: _playerParams.videoID,\\r\\n\\t\\t\\t\\t\\t\\t\\tplayerVars: _playerParams.playerVars\\r\\n\\t\\t\\t\\t\\t\\t} );\\r\\n\\t\\t\\t\\t\\t}\\r\\n\\t\\t\\t\\t}\\r\\n\\t\\t\\t}\\r\\n\\t\\t\\tif ( !!window.YT ) {\\r\\n\\t\\t\\t\\t$us.YTPlayers[\\&quot;youtube-jcda\\&quot;] = new YT.Player( \\&quot;youtube-jcda\\&quot;, {\\r\\n\\t\\t\\t\\t\\tvideoId: \\&quot;e0_xWjPwNEE\\&quot;,\\r\\n\\t\\t\\t\\t\\tplayerVars: {\\&quot;autoplay\\&quot;:1,\\&quot;controls\\&quot;:1,\\&quot;origin\\&quot;:\\&quot;https:\\\\\\\/\\\\\\\/conectamobile.com\\\\\\\/es\\\\\\\/\\&quot;,\\&quot;loop\\&quot;:0,\\&quot;mute\\&quot;:0,\\&quot;playlist\\&quot;:\\&quot;e0_xWjPwNEE\\&quot;}\\r\\n\\t\\t\\t\\t} );\\r\\n\\t\\t\\t}\\r\\n\\t\\t&lt;\\\/script&gt;&quot;}\"><div class=\"w-video-h\"><\/div><div class=\"w-video-icon\" style=\"font-size:1.5rem;background:#ff0d0d;color:#ffffff\"><\/div><\/div><\/div><\/div><\/div><div class=\"vc_col-sm-2 wpb_column vc_column_container\"><div class=\"vc_column-inner\"><div class=\"wpb_wrapper\"><\/div><\/div><\/div><\/div><div class=\"w-separator size_medium\"><\/div><\/div><\/div><\/div><\/div><\/div><\/section><section class=\"l-section wpb_row height_small\"><div class=\"l-section-h i-cf\"><div class=\"g-cols vc_row via_flex valign_top type_default stacking_default\"><div class=\"vc_col-sm-12 wpb_column vc_column_container\"><div class=\"vc_column-inner\"><div class=\"wpb_wrapper\"><div class=\"wpb_text_column us_custom_59eba6b8 has_text_color\"><div class=\"wpb_wrapper\"><p><i class=\"fas fa-check\" style=\"color: red;\"><\/i> <strong>Colores:<\/strong> Negro espacial, Plateado, Dorado, Azul profundo<br \/>\n<i class=\"fas fa-check\" style=\"color: red;\"><\/i> <strong>Opciones:<\/strong> Nuevo<br \/>\n<i class=\"fas fa-check\" style=\"color: red;\"><\/i> <strong>Pantalla:<\/strong> 6,7&#8243; Super Retina XDR con ProMotion (hasta 120Hz) y Always-On Display<br \/>\n<i class=\"fas fa-check\" style=\"color: red;\"><\/i> <strong>Procesador:<\/strong> A18 Pro<br \/>\n<i class=\"fas fa-check\" style=\"color: red;\"><\/i> <strong>C\u00e1mara:<\/strong> Triple de 48 MP (principal) + 12 MP (Ultraangular) + 12 MP (Teleobjetivo) con mejoras en el zoom \u00f3ptico y estabilizaci\u00f3n<br \/>\n<i class=\"fas fa-check\" style=\"color: red;\"><\/i> <strong>Almacenamiento:<\/strong> 256GB, 512GB, 1TB, 2TB<br \/>\n<i class=\"fas fa-check\" style=\"color: red;\"><\/i> <strong>5G:<\/strong> S\u00ed<br \/>\n<i class=\"fas fa-check\" style=\"color: red;\"><\/i> <strong>Bater\u00eda:<\/strong> Aproximadamente 30 horas<br \/>\n<i class=\"fas fa-check\" style=\"color: red;\"><\/i> <strong>Otros beneficios:<\/strong> USB-C, Dise\u00f1o en acero inoxidable, Ceramic Shield, Face ID, Modo Nocturno, HDR inteligente, Detecci\u00f3n de accidentes, SOS de Emergencia v\u00eda sat\u00e9lite, Bot\u00f3n de Acci\u00f3n<\/p>\n<\/div><\/div><\/div><\/div><\/div><\/div><\/div><\/section>\n","protected":false},"excerpt":{"rendered":"Contenido Especial Colores: Negro espacial, Plateado, Dorado, Azul profundo Opciones: Nuevo Pantalla: 6,7&#8243; Super Retina XDR con ProMotion (hasta 120Hz) y Always-On Display Procesador: A18 Pro C\u00e1mara: Triple de 48 MP (principal) + 12 MP (Ultraangular) + 12 MP (Teleobjetivo) con mejoras en el zoom \u00f3ptico y estabilizaci\u00f3n Almacenamiento: 256GB, 512GB, 1TB, 2TB 5G: S\u00ed...","protected":false},"featured_media":4329,"template":"","meta":{"_acf_changed":false},"product_brand":[],"product_cat":[121],"product_tag":[145],"class_list":{"0":"post-4719","1":"product","2":"type-product","3":"status-publish","4":"has-post-thumbnail","6":"product_cat-cellphone-es","7":"product_tag-iphone-16-es","8":"product_shipping_class-standard-es","9":"pa_color-white-titanium-es","10":"pa_color-desert-titanium-es","11":"pa_color-natural-titanium-es","12":"pa_color-black-titanium-es","13":"pa_item-condition-cpo-es","14":"pa_item-condition-new-es","15":"pa_storage-256gb-es","16":"pa_storage-512gb-es","18":"first","19":"instock","20":"taxable","21":"shipping-taxable","22":"purchasable","23":"product-type-variable","24":"has-default-attributes"},"acf":[],"_links":{"self":[{"href":"https:\/\/conectamobile.com\/es\/wp-json\/wp\/v2\/product\/4719","targetHints":{"allow":["GET"]}}],"collection":[{"href":"https:\/\/conectamobile.com\/es\/wp-json\/wp\/v2\/product"}],"about":[{"href":"https:\/\/conectamobile.com\/es\/wp-json\/wp\/v2\/types\/product"}],"wp:featuredmedia":[{"embeddable":true,"href":"https:\/\/conectamobile.com\/es\/wp-json\/wp\/v2\/media\/4329"}],"wp:attachment":[{"href":"https:\/\/conectamobile.com\/es\/wp-json\/wp\/v2\/media?parent=4719"}],"wp:term":[{"taxonomy":"product_brand","embeddable":true,"href":"https:\/\/conectamobile.com\/es\/wp-json\/wp\/v2\/product_brand?post=4719"},{"taxonomy":"product_cat","embeddable":true,"href":"https:\/\/conectamobile.com\/es\/wp-json\/wp\/v2\/product_cat?post=4719"},{"taxonomy":"product_tag","embeddable":true,"href":"https:\/\/conectamobile.com\/es\/wp-json\/wp\/v2\/product_tag?post=4719"}],"curies":[{"name":"wp","href":"https:\/\/api.w.org\/{rel}","templated":true}]}}