{"id":4766,"date":"2024-10-15T15:34:57","date_gmt":"2024-10-15T19:34:57","guid":{"rendered":"https:\/\/conectamobile.com\/product\/iphone-15-pro-max\/"},"modified":"2024-12-11T16:57:24","modified_gmt":"2024-12-11T20:57:24","slug":"iphone-15-pro-max","status":"publish","type":"product","link":"https:\/\/conectamobile.com\/es\/product\/iphone-15-pro-max\/","title":{"rendered":"iPhone 15 Pro Max"},"content":{"rendered":"<section class=\"l-section wpb_row height_auto width_custom\" style=\"--site-content-width:1195px;\"><div class=\"l-section-h i-cf\"><div class=\"g-cols vc_row via_flex valign_top type_default stacking_default\"><div class=\"vc_col-sm-12 wpb_column vc_column_container\"><div class=\"vc_column-inner\"><div class=\"wpb_wrapper\"><div class=\"w-image us_custom_60e9caca us_animate_this align_center\"><div class=\"w-image-h\"><img loading=\"lazy\" decoding=\"async\" width=\"1317\" height=\"333\" src=\"https:\/\/conectamobile.com\/wp-content\/uploads\/2024\/10\/iphone-15.jpg\" class=\"attachment-full size-full\" alt=\"\" loading=\"lazy\" srcset=\"https:\/\/conectamobile.com\/wp-content\/uploads\/2024\/10\/iphone-15.jpg 1317w, https:\/\/conectamobile.com\/wp-content\/uploads\/2024\/10\/iphone-15-300x76.jpg 300w, https:\/\/conectamobile.com\/wp-content\/uploads\/2024\/10\/iphone-15-1024x259.jpg 1024w, https:\/\/conectamobile.com\/wp-content\/uploads\/2024\/10\/iphone-15-600x152.jpg 600w\" sizes=\"auto, (max-width: 1317px) 100vw, 1317px\" \/><\/div><\/div><\/div><\/div><\/div><\/div><\/div><\/section><section class=\"l-section wpb_row height_small\"><div class=\"l-section-h i-cf\"><div class=\"g-cols vc_row via_flex valign_middle type_default stacking_default\"><div class=\"vc_col-sm-12 wpb_column vc_column_container\"><div class=\"vc_column-inner us_custom_b960227a\"><div class=\"wpb_wrapper\"><div class=\"wpb_text_column us_custom_44ba2a43 has_text_color\"><div class=\"wpb_wrapper\"><p><strong>Contenido especial<\/strong><\/p>\n<\/div><\/div><div class=\"w-separator size_medium\"><\/div><div class=\"g-cols wpb_row via_flex valign_top type_default stacking_default\"><div class=\"vc_col-sm-2 wpb_column vc_column_container\"><div class=\"vc_column-inner\"><div class=\"wpb_wrapper\"><\/div><\/div><\/div><div class=\"vc_col-sm-8 wpb_column vc_column_container\"><div class=\"vc_column-inner\"><div class=\"wpb_wrapper\"><div class=\"w-video align_center ratio_16x9 has_iframe\"><div class=\"w-video-h\"><iframe title=\"Youtube video player\" src=\"\/\/www.youtube.com\/embed\/zPSizLIeEsI?autoplay=0&controls=1&origin=https:\/\/conectamobile.com\/es\/&loop=0&mute=0\" allowfullscreen=\"1\" loading=\"lazy\"><\/iframe><\/div><div class=\"w-video-icon\" style=\"font-size:1.5rem;background:rgba(0,0,0,0.5);color:#fff\"><\/div><\/div><\/div><\/div><\/div><div class=\"vc_col-sm-2 wpb_column vc_column_container\"><div class=\"vc_column-inner\"><div class=\"wpb_wrapper\"><\/div><\/div><\/div><\/div><div class=\"w-separator size_medium\"><\/div><\/div><\/div><\/div><\/div><\/div><\/section><section class=\"l-section wpb_row height_small\"><div class=\"l-section-h i-cf\"><div class=\"g-cols vc_row via_flex valign_top type_default stacking_default\"><div class=\"vc_col-sm-12 wpb_column vc_column_container\"><div class=\"vc_column-inner\"><div class=\"wpb_wrapper\"><div class=\"wpb_text_column us_custom_59eba6b8 has_text_color\"><div class=\"wpb_wrapper\"><ul>\n<li>Pantalla de 6.7&#8243; o 6.1&#8243;.<\/li>\n<li>Pantalla Super Retina XDR.<\/li>\n<li>Aluminio con parte trasera de vidrio coloreado por infusi\u00f3n.<\/li>\n<li>Bot\u00f3n de Tocar\/Silenciar.<\/li>\n<li>Sistema avanzado de c\u00e1mara doble.<\/li>\n<li>Gran angular de 48 MP | Ultra angular de 12 MP.<\/li>\n<li>Fotos en ultra alta resoluci\u00f3n (24 MP y 48 MP).<\/li>\n<li>Retratos de \u00faltima generaci\u00f3n con Control de Foco y Profundidad.<\/li>\n<li>Alcance de zoom \u00f3ptico de 4X.<\/li>\n<li>Dynamic Island: Una nueva forma de interactuar con el iPhone.<\/li>\n<li>Bater\u00eda: Hasta 26 horas de reproducci\u00f3n de video.<\/li>\n<li>USB-C: Compatible con USB 2.<\/li>\n<li>Face ID.<\/li>\n<\/ul>\n<\/div><\/div><\/div><\/div><\/div><\/div><\/div><\/section>\n","protected":false},"excerpt":{"rendered":"Contenido especial Pantalla de 6.7&#8243; o 6.1&#8243;. Pantalla Super Retina XDR. Aluminio con parte trasera de vidrio coloreado por infusi\u00f3n. Bot\u00f3n de Tocar\/Silenciar. Sistema avanzado de c\u00e1mara doble. Gran angular de 48 MP | Ultra angular de 12 MP. Fotos en ultra alta resoluci\u00f3n (24 MP y 48 MP). Retratos de \u00faltima generaci\u00f3n con Control...","protected":false},"featured_media":3969,"template":"","meta":{"_acf_changed":false},"product_brand":[],"product_cat":[121],"product_tag":[148],"class_list":{"0":"post-4766","1":"product","2":"type-product","3":"status-publish","4":"has-post-thumbnail","6":"product_cat-cellphone-es","7":"product_tag-iphone-15-es","8":"product_shipping_class-standard-es","9":"pa_color-blue-titanium-es","10":"pa_color-white-titanium-es","11":"pa_color-natural-titanium-es","12":"pa_color-black-titanium-es","13":"pa_item-condition-cpo-es","14":"pa_item-condition-new-es","15":"pa_storage-256gb-es","16":"pa_storage-512gb-es","18":"first","19":"instock","20":"taxable","21":"shipping-taxable","22":"purchasable","23":"product-type-variable","24":"has-default-attributes"},"acf":[],"_links":{"self":[{"href":"https:\/\/conectamobile.com\/es\/wp-json\/wp\/v2\/product\/4766","targetHints":{"allow":["GET"]}}],"collection":[{"href":"https:\/\/conectamobile.com\/es\/wp-json\/wp\/v2\/product"}],"about":[{"href":"https:\/\/conectamobile.com\/es\/wp-json\/wp\/v2\/types\/product"}],"wp:featuredmedia":[{"embeddable":true,"href":"https:\/\/conectamobile.com\/es\/wp-json\/wp\/v2\/media\/3969"}],"wp:attachment":[{"href":"https:\/\/conectamobile.com\/es\/wp-json\/wp\/v2\/media?parent=4766"}],"wp:term":[{"taxonomy":"product_brand","embeddable":true,"href":"https:\/\/conectamobile.com\/es\/wp-json\/wp\/v2\/product_brand?post=4766"},{"taxonomy":"product_cat","embeddable":true,"href":"https:\/\/conectamobile.com\/es\/wp-json\/wp\/v2\/product_cat?post=4766"},{"taxonomy":"product_tag","embeddable":true,"href":"https:\/\/conectamobile.com\/es\/wp-json\/wp\/v2\/product_tag?post=4766"}],"curies":[{"name":"wp","href":"https:\/\/api.w.org\/{rel}","templated":true}]}}