{"id":4792,"date":"2024-10-17T01:24:19","date_gmt":"2024-10-17T05:24:19","guid":{"rendered":"https:\/\/conectamobile.com\/product\/iphone-15-plus\/"},"modified":"2024-12-13T08:43:14","modified_gmt":"2024-12-13T12:43:14","slug":"iphone-15-plus","status":"publish","type":"product","link":"https:\/\/conectamobile.com\/es\/product\/iphone-15-plus\/","title":{"rendered":"IPhone 15 Plus"},"content":{"rendered":"<section class=\"l-section wpb_row height_auto width_custom\" style=\"--site-content-width:1195px;\"><div class=\"l-section-h i-cf\"><div class=\"g-cols vc_row via_flex valign_top type_default stacking_default\"><div class=\"vc_col-sm-12 wpb_column vc_column_container\"><div class=\"vc_column-inner\"><div class=\"wpb_wrapper\"><div class=\"w-image us_custom_60e9caca us_animate_this align_center\"><div class=\"w-image-h\"><img loading=\"lazy\" decoding=\"async\" width=\"1317\" height=\"333\" src=\"https:\/\/conectamobile.com\/wp-content\/uploads\/2024\/10\/iphone-15.png\" class=\"attachment-full size-full\" alt=\"\" loading=\"lazy\" srcset=\"https:\/\/conectamobile.com\/wp-content\/uploads\/2024\/10\/iphone-15.png 1317w, https:\/\/conectamobile.com\/wp-content\/uploads\/2024\/10\/iphone-15-300x76.png 300w, https:\/\/conectamobile.com\/wp-content\/uploads\/2024\/10\/iphone-15-1024x259.png 1024w, https:\/\/conectamobile.com\/wp-content\/uploads\/2024\/10\/iphone-15-600x152.png 600w\" sizes=\"auto, (max-width: 1317px) 100vw, 1317px\" \/><\/div><\/div><\/div><\/div><\/div><\/div><\/div><\/section><section class=\"l-section wpb_row height_small\"><div class=\"l-section-h i-cf\"><div class=\"g-cols vc_row via_flex valign_middle type_default stacking_default\"><div class=\"vc_col-sm-12 wpb_column vc_column_container\"><div class=\"vc_column-inner us_custom_b960227a\"><div class=\"wpb_wrapper\"><div class=\"wpb_text_column us_custom_44ba2a43 has_text_color\"><div class=\"wpb_wrapper\"><p><strong>Contenido Especial<\/strong><\/p>\n<\/div><\/div><div class=\"w-separator size_medium\"><\/div><div class=\"g-cols wpb_row via_flex valign_top type_default stacking_default\"><div class=\"vc_col-sm-2 wpb_column vc_column_container\"><div class=\"vc_column-inner\"><div class=\"wpb_wrapper\"><\/div><\/div><\/div><div class=\"vc_col-sm-8 wpb_column vc_column_container\"><div class=\"vc_column-inner\"><div class=\"wpb_wrapper\"><div class=\"w-video align_center ratio_16x9 has_iframe\"><div class=\"w-video-h\"><iframe title=\"Youtube video player\" src=\"\/\/www.youtube.com\/embed\/Rl1R_UfQLkA?autoplay=0&controls=1&origin=https:\/\/conectamobile.com\/es\/&loop=0&mute=0\" allowfullscreen=\"1\" loading=\"lazy\"><\/iframe><\/div><div class=\"w-video-icon\" style=\"font-size:1.5rem;background:rgba(0,0,0,0.5);color:#fff\"><\/div><\/div><\/div><\/div><\/div><div class=\"vc_col-sm-2 wpb_column vc_column_container\"><div class=\"vc_column-inner\"><div class=\"wpb_wrapper\"><\/div><\/div><\/div><\/div><div class=\"w-separator size_medium\"><\/div><\/div><\/div><\/div><\/div><\/div><\/section><section class=\"l-section wpb_row height_small\"><div class=\"l-section-h i-cf\"><div class=\"g-cols vc_row via_flex valign_top type_default stacking_default\"><div class=\"vc_col-sm-12 wpb_column vc_column_container\"><div class=\"vc_column-inner\"><div class=\"wpb_wrapper\"><div class=\"wpb_text_column us_custom_59eba6b8 has_text_color\"><div class=\"wpb_wrapper\"><p><strong>Avisos Legales<\/strong><br \/>\n<strong>Apple Intelligence:<\/strong> Apple Intelligence estar\u00e1 disponible en versi\u00f3n beta en todos los modelos de iPhone 16, iPhone 15 Pro e iPhone 15 Pro Max, con Siri y el idioma del dispositivo configurados en ingl\u00e9s de EE. UU., en una actualizaci\u00f3n de iOS 18 a finales de 2024. Algunas caracter\u00edsticas y otros idiomas se agregar\u00e1n durante el pr\u00f3ximo a\u00f1o.<br \/>\n6,7 pulg. o 6,1 pulg.<br \/>\nPantalla Super Retina XDR.<br \/>\nAluminio con parte trasera de vidrio te\u00f1ido por infusi\u00f3n.<br \/>\nBot\u00f3n de Silencio\/Tocar.<br \/>\nSistema avanzado de c\u00e1mara dual.<br \/>\nGran angular de 48 MP | Ultra gran angular de 12 MP.<br \/>\nFotos de alta resoluci\u00f3n (24 MP y 48 MP).<br \/>\nRetratos de \u00faltima generaci\u00f3n con Control de Enfoque y Profundidad.<br \/>\nAlcance de zoom \u00f3ptico de 4X.<br \/>\nDynamic Island: Una nueva forma de interactuar en el iPhone.<br \/>\nBater\u00eda: Hasta 26 horas de reproducci\u00f3n de video.<br \/>\nUSB\u2011C: Compatible con USB 2.<br \/>\nFace ID.<\/p>\n<\/div><\/div><\/div><\/div><\/div><\/div><\/div><\/section>\n","protected":false},"excerpt":{"rendered":"Contenido Especial Avisos Legales Apple Intelligence: Apple Intelligence estar\u00e1 disponible en versi\u00f3n beta en todos los modelos de iPhone 16, iPhone 15 Pro e iPhone 15 Pro Max, con Siri y el idioma del dispositivo configurados en ingl\u00e9s de EE. UU., en una actualizaci\u00f3n de iOS 18 a finales de 2024. Algunas caracter\u00edsticas y otros...","protected":false},"featured_media":3959,"template":"","meta":{"_acf_changed":false},"product_brand":[],"product_cat":[121],"product_tag":[148],"class_list":{"0":"post-4792","1":"product","2":"type-product","3":"status-publish","4":"has-post-thumbnail","6":"product_cat-cellphone-es","7":"product_tag-iphone-15-es","8":"product_shipping_class-standard-es","9":"pa_color-yellow-es","10":"pa_color-blue-es","11":"pa_color-black-es","12":"pa_color-pink-es","13":"pa_color-green-es","14":"pa_item-condition-cpo-es","15":"pa_storage-128gb-es","16":"pa_storage-256gb-es","18":"first","19":"instock","20":"taxable","21":"shipping-taxable","22":"purchasable","23":"product-type-variable","24":"has-default-attributes"},"acf":[],"_links":{"self":[{"href":"https:\/\/conectamobile.com\/es\/wp-json\/wp\/v2\/product\/4792","targetHints":{"allow":["GET"]}}],"collection":[{"href":"https:\/\/conectamobile.com\/es\/wp-json\/wp\/v2\/product"}],"about":[{"href":"https:\/\/conectamobile.com\/es\/wp-json\/wp\/v2\/types\/product"}],"wp:featuredmedia":[{"embeddable":true,"href":"https:\/\/conectamobile.com\/es\/wp-json\/wp\/v2\/media\/3959"}],"wp:attachment":[{"href":"https:\/\/conectamobile.com\/es\/wp-json\/wp\/v2\/media?parent=4792"}],"wp:term":[{"taxonomy":"product_brand","embeddable":true,"href":"https:\/\/conectamobile.com\/es\/wp-json\/wp\/v2\/product_brand?post=4792"},{"taxonomy":"product_cat","embeddable":true,"href":"https:\/\/conectamobile.com\/es\/wp-json\/wp\/v2\/product_cat?post=4792"},{"taxonomy":"product_tag","embeddable":true,"href":"https:\/\/conectamobile.com\/es\/wp-json\/wp\/v2\/product_tag?post=4792"}],"curies":[{"name":"wp","href":"https:\/\/api.w.org\/{rel}","templated":true}]}}