{"id":5172,"date":"2024-10-15T15:32:52","date_gmt":"2024-10-15T19:32:52","guid":{"rendered":"https:\/\/conectamobile.com\/product\/iphone-12\/"},"modified":"2024-12-13T08:45:47","modified_gmt":"2024-12-13T12:45:47","slug":"iphone-12","status":"publish","type":"product","link":"https:\/\/conectamobile.com\/es\/product\/iphone-12\/","title":{"rendered":"iPhone 12"},"content":{"rendered":"<section class=\"l-section wpb_row height_auto width_custom\" style=\"--site-content-width:1195px;\"><div class=\"l-section-h i-cf\"><div class=\"g-cols vc_row via_flex valign_top type_default stacking_default\"><div class=\"vc_col-sm-12 wpb_column vc_column_container\"><div class=\"vc_column-inner\"><div class=\"wpb_wrapper\"><div class=\"w-image us_custom_60e9caca us_animate_this align_center\"><div class=\"w-image-h\"><img loading=\"lazy\" decoding=\"async\" width=\"1317\" height=\"333\" src=\"https:\/\/conectamobile.com\/wp-content\/uploads\/2024\/10\/iphone-12.png\" class=\"attachment-full size-full\" alt=\"\" loading=\"lazy\" srcset=\"https:\/\/conectamobile.com\/wp-content\/uploads\/2024\/10\/iphone-12.png 1317w, https:\/\/conectamobile.com\/wp-content\/uploads\/2024\/10\/iphone-12-300x76.png 300w, https:\/\/conectamobile.com\/wp-content\/uploads\/2024\/10\/iphone-12-1024x259.png 1024w, https:\/\/conectamobile.com\/wp-content\/uploads\/2024\/10\/iphone-12-600x152.png 600w\" sizes=\"auto, (max-width: 1317px) 100vw, 1317px\" \/><\/div><\/div><\/div><\/div><\/div><\/div><\/div><\/section><section class=\"l-section wpb_row height_small\"><div class=\"l-section-h i-cf\"><div class=\"g-cols vc_row via_flex valign_middle type_default stacking_default\"><div class=\"vc_col-sm-12 wpb_column vc_column_container\"><div class=\"vc_column-inner us_custom_b960227a\"><div class=\"wpb_wrapper\"><div class=\"wpb_text_column us_custom_44ba2a43 has_text_color\"><div class=\"wpb_wrapper\"><p><strong>Contenido especial<\/strong><\/p>\n<\/div><\/div><div class=\"w-separator size_medium\"><\/div><div class=\"g-cols wpb_row via_flex valign_top type_default stacking_default\"><div class=\"vc_col-sm-2 wpb_column vc_column_container\"><div class=\"vc_column-inner\"><div class=\"wpb_wrapper\"><\/div><\/div><\/div><div class=\"vc_col-sm-8 wpb_column vc_column_container\"><div class=\"vc_column-inner\"><div class=\"wpb_wrapper\"><div class=\"w-video align_center ratio_16x9 has_iframe\"><div class=\"w-video-h\"><iframe title=\"Youtube video player\" src=\"\/\/www.youtube.com\/embed\/gDkG0Fjjjuk?autoplay=0&controls=1&origin=https:\/\/conectamobile.com\/es\/&loop=0&mute=0\" allowfullscreen=\"1\" loading=\"lazy\"><\/iframe><\/div><div class=\"w-video-icon\" style=\"font-size:1.5rem;background:rgba(0,0,0,0.5);color:#fff\"><\/div><\/div><\/div><\/div><\/div><div class=\"vc_col-sm-2 wpb_column vc_column_container\"><div class=\"vc_column-inner\"><div class=\"wpb_wrapper\"><\/div><\/div><\/div><\/div><div class=\"w-separator size_medium\"><\/div><\/div><\/div><\/div><\/div><\/div><\/section><section class=\"l-section wpb_row height_small\"><div class=\"l-section-h i-cf\"><div class=\"g-cols vc_row via_flex valign_top type_default stacking_default\"><div class=\"vc_col-sm-12 wpb_column vc_column_container\"><div class=\"vc_column-inner\"><div class=\"wpb_wrapper\"><div class=\"wpb_text_column us_custom_59eba6b8 has_text_color\"><div class=\"wpb_wrapper\"><ul>\n<li><strong>Colores<\/strong>: Negro, Blanco, Azul, Rojo, Verde<\/li>\n<li><strong>Opciones<\/strong>: Nuevo y CPO<\/li>\n<li><strong>Pantalla<\/strong>: 6.1&#8243; Super Retina XDR<\/li>\n<li><strong>Procesador<\/strong>: A14 Bionic<\/li>\n<li><strong>C\u00e1mara<\/strong>: Doble de 12 MP (Ultra gran angular y Gran angular)<\/li>\n<li><strong>Almacenamiento<\/strong>: 64GB, 128GB, 256GB<\/li>\n<li><strong>5G<\/strong>: S\u00ed<\/li>\n<li><strong>Bater\u00eda<\/strong>: Aproximadamente 17 horas de reproducci\u00f3n de v\u00eddeo<\/li>\n<li><strong>Otros<\/strong>: Ceramic Shield, Face ID, Modo Nocturno<\/li>\n<\/ul>\n<\/div><\/div><\/div><\/div><\/div><\/div><\/div><\/section>\n","protected":false},"excerpt":{"rendered":"Contenido especial Colores: Negro, Blanco, Azul, Rojo, Verde Opciones: Nuevo y CPO Pantalla: 6.1&#8243; Super Retina XDR Procesador: A14 Bionic C\u00e1mara: Doble de 12 MP (Ultra gran angular y Gran angular) Almacenamiento: 64GB, 128GB, 256GB 5G: S\u00ed Bater\u00eda: Aproximadamente 17 horas de reproducci\u00f3n de v\u00eddeo Otros: Ceramic Shield, Face ID, Modo Nocturno","protected":false},"featured_media":3871,"template":"","meta":{"_acf_changed":false},"product_brand":[],"product_cat":[121],"product_tag":[140],"class_list":{"0":"post-5172","1":"product","2":"type-product","3":"status-publish","4":"has-post-thumbnail","6":"product_cat-cellphone-es","7":"product_tag-iphone-12-es","8":"product_shipping_class-standard-es","9":"pa_color-blue-es","10":"pa_color-white-es","11":"pa_color-black-es","12":"pa_color-purple-es","13":"pa_color-red-es","14":"pa_color-green-es","15":"pa_item-condition-cpo-es","16":"pa_item-condition-new-es","17":"pa_storage-128gb-es","18":"pa_storage-256gb-es","19":"pa_storage-64gb-es","21":"first","22":"instock","23":"taxable","24":"shipping-taxable","25":"purchasable","26":"product-type-variable","27":"has-default-attributes"},"acf":[],"_links":{"self":[{"href":"https:\/\/conectamobile.com\/es\/wp-json\/wp\/v2\/product\/5172","targetHints":{"allow":["GET"]}}],"collection":[{"href":"https:\/\/conectamobile.com\/es\/wp-json\/wp\/v2\/product"}],"about":[{"href":"https:\/\/conectamobile.com\/es\/wp-json\/wp\/v2\/types\/product"}],"wp:featuredmedia":[{"embeddable":true,"href":"https:\/\/conectamobile.com\/es\/wp-json\/wp\/v2\/media\/3871"}],"wp:attachment":[{"href":"https:\/\/conectamobile.com\/es\/wp-json\/wp\/v2\/media?parent=5172"}],"wp:term":[{"taxonomy":"product_brand","embeddable":true,"href":"https:\/\/conectamobile.com\/es\/wp-json\/wp\/v2\/product_brand?post=5172"},{"taxonomy":"product_cat","embeddable":true,"href":"https:\/\/conectamobile.com\/es\/wp-json\/wp\/v2\/product_cat?post=5172"},{"taxonomy":"product_tag","embeddable":true,"href":"https:\/\/conectamobile.com\/es\/wp-json\/wp\/v2\/product_tag?post=5172"}],"curies":[{"name":"wp","href":"https:\/\/api.w.org\/{rel}","templated":true}]}}